{"id":184,"date":"2019-09-27T21:28:00","date_gmt":"2019-09-27T19:28:00","guid":{"rendered":"https:\/\/sahajayogatoscana.it\/?page_id=184"},"modified":"2019-11-03T16:58:21","modified_gmt":"2019-11-03T15:58:21","slug":"la-musica-nella-meditazione","status":"publish","type":"page","link":"https:\/\/sahajayogatoscana.it\/index.php\/la-musica-nella-meditazione\/","title":{"rendered":"La musica nella meditazione"},"content":{"rendered":"\n<figure class=\"wp-block-image\"><img decoding=\"async\" loading=\"lazy\" width=\"800\" height=\"400\" src=\"https:\/\/sahajayogatoscana.it\/wp-content\/uploads\/2019\/11\/header-2.gif\" alt=\"\" class=\"wp-image-853\"\/><\/figure>\n\n\n\n<p>L\u2019effetto della meditazione \u00e8 la percezione di vibrazioni, e il \nsuono \u00e8 vibrazione dell\u2019aria dentro e fuori di noi. La musica fa vibrare\n ogni cellula del nostro corpo creando sintonie, onde di diversa \nlunghezza che \u201crisuonano\u201d in diverse zone del corpo come l\u2019orlo di un \nbicchiere di cristallo al canto di un soprano: alcuni suoni si sentono \ncon le orecchie, altri nel cervello, altri nello stomaco.<\/p>\n\n\n\n<p>La musica \u00e8 \u201cmagia\u201d, \u00e8 qualcosa di profondamente irrazionale che ci \nparla un linguaggio universale, che si lascia intuire pi\u00f9 che spiegare, \nche pu\u00f2 farci venire i brividi o coinvolgerci totalmente: per tutto \nquesto \u00e8 giustamente approfondita in India come strumento di contatto \ncon l\u2019Assoluto.<\/p>\n\n\n\n<p>Si pu\u00f2 meditare sulla musica, cio\u00e8 guidando la propria attenzione \nalle note che scorrono e che sgorgano nell\u2019improvvisazione tipica dei \nmusicisti indiani: nel momento in cui la nostra vagabonda attenzione \u00e8 \ncolpita dalle note musicali, essa si rivolge all\u2019interno e si entra \nnello stato di consapevolezza senza pensieri, nel quale la Kundalini si \nrisveglia e sale al Sahasrara. La musica classica indiana pulisce i \nchakra: \u00e8 sincera e dona sincerit\u00e0, \u00e8 creativa e dona creativit\u00e0, \nfornisce una piena soddisfazione, \u00e8 veicolo di gioia assoluta e \nprofonda, sprigiona un\u2019energia comunicativa che favorisce \nl\u2019espressivit\u00e0. La musica libera la mente dai pensieri, la musica \nsgombra le nubi dei dubbi e ci conduce verso la Realizzazione del S\u00e9.<\/p>\n\n\n\n<p>Sappiamo bene che esistono musiche rilassanti che possono indurre il \nsonno, musiche eccitanti, musiche nevrotiche, musiche depresse, e cos\u00ec \nvia. Ogni tipo di musica ha influenza sulle cellule del nostro corpo e \nsui nostri chakra, ma non tutta la musica fa bene ai chakra. Certamente \nconoscendo lo stato dei nostri chakra, potremo aiutarci con un po\u2019 di \nmusica opportuna, occidentale o orientale che sia. \u00c8 per\u00f2 un fatto che \nin Occidente esiste uno scarso senso della misticit\u00e0 della musica, e \nsono pochi i compositori che hanno trasmesso nella loro musica una \ntensione esistenziale verso l\u2019Assoluto, una Gioia assoluta, o una pace \nassoluta. Al contrario, la quasi totalit\u00e0 della musica classica indiana \nmira precisamente a questo: ecco perch\u00e9 \u00e8 pi\u00f9 probabile che essa sia \nmaggiormente indicata per la meditazione.<\/p>\n","protected":false},"excerpt":{"rendered":"<p>L\u2019effetto della meditazione \u00e8 la percezione di vibrazioni, e il suono \u00e8 vibrazione dell\u2019aria dentro e fuori di noi. La musica fa vibrare ogni cellula del nostro corpo creando sintonie, onde di diversa lunghezza che \u201crisuonano\u201d in diverse zone del corpo come l\u2019orlo di un bicchiere di cristallo al canto di un soprano: alcuni suoni [&hellip;]<\/p>\n","protected":false},"author":1,"featured_media":0,"parent":0,"menu_order":0,"comment_status":"closed","ping_status":"closed","template":"","meta":{"footnotes":""},"publishpress_future_action":{"enabled":false,"date":"1970-01-01 01:00:00","action":"","terms":[],"taxonomy":"","browser_timezone_offset":0},"_links":{"self":[{"href":"https:\/\/sahajayogatoscana.it\/index.php\/wp-json\/wp\/v2\/pages\/184"}],"collection":[{"href":"https:\/\/sahajayogatoscana.it\/index.php\/wp-json\/wp\/v2\/pages"}],"about":[{"href":"https:\/\/sahajayogatoscana.it\/index.php\/wp-json\/wp\/v2\/types\/page"}],"author":[{"embeddable":true,"href":"https:\/\/sahajayogatoscana.it\/index.php\/wp-json\/wp\/v2\/users\/1"}],"replies":[{"embeddable":true,"href":"https:\/\/sahajayogatoscana.it\/index.php\/wp-json\/wp\/v2\/comments?post=184"}],"version-history":[{"count":3,"href":"https:\/\/sahajayogatoscana.it\/index.php\/wp-json\/wp\/v2\/pages\/184\/revisions"}],"predecessor-version":[{"id":854,"href":"https:\/\/sahajayogatoscana.it\/index.php\/wp-json\/wp\/v2\/pages\/184\/revisions\/854"}],"wp:attachment":[{"href":"https:\/\/sahajayogatoscana.it\/index.php\/wp-json\/wp\/v2\/media?parent=184"}],"curies":[{"name":"wp","href":"https:\/\/api.w.org\/{rel}","templated":true}]}}