{"id":183,"date":"2019-09-27T21:28:00","date_gmt":"2019-09-27T19:28:00","guid":{"rendered":"https:\/\/sahajayogatoscana.it\/?page_id=183"},"modified":"2019-11-02T21:05:21","modified_gmt":"2019-11-02T20:05:21","slug":"domande-e-risposte","status":"publish","type":"page","link":"https:\/\/sahajayogatoscana.it\/index.php\/domande-e-risposte\/","title":{"rendered":"Domande e risposte"},"content":{"rendered":"\n<figure class=\"wp-block-image\"><img decoding=\"async\" loading=\"lazy\" width=\"800\" height=\"400\" src=\"https:\/\/sahajayogatoscana.it\/wp-content\/uploads\/2019\/11\/header-1.gif\" alt=\"\" class=\"wp-image-850\"\/><\/figure>\n\n\n\n<p>Shri Mataji ha viaggiato instancabilmente per anni da una parte \nall\u2019altra del mondo presenziando a migliaia di programmi pubblici, \nconferenze e portando a uomini, donne e bambini senza distinzione di \nrazza, religione o cultura, il suo messaggio.<br>\nVi proponiamo alcune risposte alle domande pi\u00f9 frequenti.<\/p>\n\n\n\n<h6 class=\"wp-block-heading\"><strong>\u00c8 possibile conosere il significato della nostra vita?<\/strong><\/h6>\n\n\n\n<p>No finch\u00e9 non siamo connessi al potere che ci ha creati.<\/p>\n\n\n\n<h6 class=\"wp-block-heading\"><strong>Si pu\u00f3 cambiare il carattere degli altri?<\/strong><\/h6>\n\n\n\n<p>Se pensiamo sempre di essere qualcosa di speciale , allora vorremmo \ncambiare il carattere di tutti perch\u00e8 vediamo i loro difetti e non i \nnostri; questo ci toglie la capacit\u00e0 di essere collettivi, di gioire e \ndivertirci.<\/p>\n\n\n\n<h6 class=\"wp-block-heading\"><strong>Come si fa a risolvere le situazioni che ci fanno star male?<\/strong><\/h6>\n\n\n\n<p>Bisogna accendere una fiammella, una luce dentro di noi e allora \npotremo riconoscere quello che ci fa bene e quello che ci far star male;\n questa luce \u00e8 quella delle spirito; senza di lei tutto ci appare \nconfuso, come in una stanza buia dove potremmo facilmente scambiare un \nbastone per un serpente e averne inutilmente paura.<\/p>\n\n\n\n<h6 class=\"wp-block-heading\"><strong>Qual\u2019\u00e8 lo scopo della sua vita, signora Shri Mataji Nirmala Devi?<\/strong><\/h6>\n\n\n\n<p>Fin da piccola, quando mio padre me lo chiedeva, io rispondevo: \u201cil \nmio scopo \u00e8 di trovare tutti i ricercatori del mondo: i ricercatori \ndella verit\u00e0\u201d.<\/p>\n\n\n\n<h6 class=\"wp-block-heading\"><strong>Pensa che la soddisfazione di tutti i nostri desideri sia sufficiente per essere felici?<\/strong><\/h6>\n\n\n\n<p>I nostri desideri materiali non possono essere mai soddisfatti \ncompletamente. Desideriamo un\u2019auto l\u2019abbiamo e desidereremo dopo un po\u2019 \nuna pi\u00f9 grande. Desideriamo una casa ma quando l\u2019avremo ci accorgiamo \nche non siamo ancora soddisfatti. Capiamo allora che i desideri creati \ndal mondo esterno sono come cose morte. Se invece desiderate illuminare \nil vostro spirito questo vi dar\u00e0 infinita gioia e cessa il bisogno di \ncolmare la nostra perenne incompletezza.<\/p>\n\n\n\n<h6 class=\"wp-block-heading\"><strong>Ha una soluzione per la pace nel mondo?<\/strong><\/h6>\n\n\n\n<p>Se abbiamo una personalit\u00e0 pacifica creeremo una atmosfera pacifica \nin famiglia. Genitori pacifici e relazioni pacifiche con gli altri \ncreeranno persone che apprezzeranno la pace. Non potete ottenere la pace\n semplicemente parlandone o creando organizzazioni di pace.<\/p>\n\n\n\n<h6 class=\"wp-block-heading\"><strong>Cosa pensa delle religioni?<\/strong><\/h6>\n\n\n\n<p>Le religioni sono come un albero che fiorisce con fiori diversi nei \nvari paesi del mondo. Ognuno ha il suo profumo adatto a quel luogo ed \nognuno deriva dal medesimo albero; ma gli uomini li hanno usati per \ndominare gli altri.<\/p>\n\n\n\n<h6 class=\"wp-block-heading\"><strong>Qual\u2019\u00e8 il ruolo principale che la donna ha nella famiglia?<\/strong><\/h6>\n\n\n\n<p>Come madre \u00e8 essenziale che i figli sentano la sua presenza che li \ncalma; come moglie che sia una donna non aggressiva, non dominante. Le \ndonne sono come la madre terra che appare cos\u00ec semplice ma osservate \nquante cose meravigliose ci dona.<\/p>\n\n\n\n<h6 class=\"wp-block-heading\"><strong>Che cosa da forza alla famiglia?<\/strong><\/h6>\n\n\n\n<p>L\u2019amore \u00e8 la forza che d\u00e0 vita alla famiglia, unisce, nutre e d\u00e0 sostegno.<\/p>\n","protected":false},"excerpt":{"rendered":"<p>Shri Mataji ha viaggiato instancabilmente per anni da una parte all\u2019altra del mondo presenziando a migliaia di programmi pubblici, conferenze e portando a uomini, donne e bambini senza distinzione di razza, religione o cultura, il suo messaggio. Vi proponiamo alcune risposte alle domande pi\u00f9 frequenti. \u00c8 possibile conosere il significato della nostra vita? No finch\u00e9 [&hellip;]<\/p>\n","protected":false},"author":1,"featured_media":0,"parent":0,"menu_order":0,"comment_status":"closed","ping_status":"closed","template":"","meta":{"footnotes":""},"publishpress_future_action":{"enabled":false,"date":"1970-01-01 01:00:00","action":"","terms":[],"taxonomy":"","browser_timezone_offset":0},"_links":{"self":[{"href":"https:\/\/sahajayogatoscana.it\/index.php\/wp-json\/wp\/v2\/pages\/183"}],"collection":[{"href":"https:\/\/sahajayogatoscana.it\/index.php\/wp-json\/wp\/v2\/pages"}],"about":[{"href":"https:\/\/sahajayogatoscana.it\/index.php\/wp-json\/wp\/v2\/types\/page"}],"author":[{"embeddable":true,"href":"https:\/\/sahajayogatoscana.it\/index.php\/wp-json\/wp\/v2\/users\/1"}],"replies":[{"embeddable":true,"href":"https:\/\/sahajayogatoscana.it\/index.php\/wp-json\/wp\/v2\/comments?post=183"}],"version-history":[{"count":4,"href":"https:\/\/sahajayogatoscana.it\/index.php\/wp-json\/wp\/v2\/pages\/183\/revisions"}],"predecessor-version":[{"id":852,"href":"https:\/\/sahajayogatoscana.it\/index.php\/wp-json\/wp\/v2\/pages\/183\/revisions\/852"}],"wp:attachment":[{"href":"https:\/\/sahajayogatoscana.it\/index.php\/wp-json\/wp\/v2\/media?parent=183"}],"curies":[{"name":"wp","href":"https:\/\/api.w.org\/{rel}","templated":true}]}}